
{"id":7867,"date":"2024-02-20T17:10:47","date_gmt":"2024-02-20T17:10:47","guid":{"rendered":"https:\/\/iamds.com\/ch\/?page_id=7867"},"modified":"2024-07-25T11:23:18","modified_gmt":"2024-07-25T11:23:18","slug":"auditing-assessment","status":"publish","type":"page","link":"https:\/\/iamds.ch\/en\/auditing-assessment\/","title":{"rendered":"Auditing &#038; Assessment"},"content":{"rendered":"<div id=\"video-bg-animation-right\"  data-column-margin=\"default\" data-midnight=\"dark\"  class=\"wpb_row vc_row-fluid vc_row parallax_section top_padding_phone_64px\"  style=\"padding-top: 128px; padding-bottom: 128px; \"><div class=\"row-bg-wrap\" data-bg-animation=\"none\" data-bg-animation-delay=\"\" data-bg-overlay=\"false\"><div class=\"inner-wrap row-bg-layer\" ><div class=\"row-bg viewport-desktop\" data-parallax-speed=\"fast\" style=\"\"><\/div><\/div><\/div>\n\t\t\t<div class=\"video-color-overlay row-bg-layer\" data-color=\"\"><\/div>\n\t\t\t\n\t\t\t<div class=\"nectar-video-wrap row-bg-layer\" data-bg-alignment=\"\">\n\t\t\t\t<div class=\"nectar-video-inner\">\n\t\t\t\t<video class=\"nectar-video-bg\" width=\"1800\" height=\"700\" preload=\"auto\" loop autoplay muted playsinline><source src=\"\/wp-content\/uploads\/sites\/7\/2024\/02\/IAMDS_Header_Animation_Auditing_and_Assessment.mp4\"  type=\"video\/mp4\"><\/video>    \t\t<\/div>\n\t\t\t <\/div>\n\n\t\t\t<div class=\"row_col_wrap_12 col span_12 dark left\">\n\t<div  class=\"vc_col-sm-12 wpb_column column_container vc_column_container col has-animation no-extra-padding inherit_tablet inherit_phone\"  data-padding-pos=\"all\" data-has-bg-color=\"false\" data-bg-color=\"\" data-bg-opacity=\"1\" data-animation=\"fade-in\" data-delay=\"0\" >\n\t\t<div class=\"vc_column-inner\" >\n\t\t\t<div class=\"wpb_wrapper\">\n\t\t\t\t<div id=\"fws_69d7abfebe112\" data-midnight=\"\" data-column-margin=\"default\" class=\"wpb_row vc_row-fluid vc_row inner_row vc_row-o-equal-height vc_row-flex vc_row-o-content-middle\"  style=\"\"><div class=\"row-bg-wrap\"> <div class=\"row-bg\" ><\/div> <\/div><div class=\"row_col_wrap_12_inner col span_12  left\">\n\t<div  class=\"vc_col-sm-5 vc_col-xs-12 wpb_column column_container vc_column_container col child_column no-extra-padding inherit_tablet inherit_phone\"   data-padding-pos=\"all\" data-has-bg-color=\"false\" data-bg-color=\"\" data-bg-opacity=\"1\" data-animation=\"\" data-delay=\"0\" >\n\t\t<div class=\"vc_column-inner\" >\n\t\t<div class=\"wpb_wrapper\">\n\t\t\t\n<div class=\"wpb_text_column wpb_content_element  vc_custom_1707581033995\" >\n\t<div class=\"wpb_wrapper\">\n\t\t<h5><span class=\"TextRun SCXW167219544 BCX2\" lang=\"DE-DE\" xml:lang=\"DE-DE\" data-contrast=\"auto\"><span class=\"NormalTextRun SCXW167219544 BCX2\"><span class=\"TextRun SCXW11288382 BCX2\" lang=\"DE-DE\" xml:lang=\"DE-DE\" data-contrast=\"auto\"><span class=\"NormalTextRun SCXW11288382 BCX2\"><span class=\"TextRun SCXW34412176 BCX2\" lang=\"DE-DE\" xml:lang=\"DE-DE\" data-contrast=\"auto\"><span class=\"NormalTextRun SCXW34412176 BCX2\">EFFICIENT THROUGH ANALYSIS<\/span><\/span><\/span><\/span><\/span><\/span><\/h5>\n\t<\/div>\n<\/div>\n\n\n\n<div class=\"nectar-highlighted-text\" data-style=\"half_text\" data-exp=\"default\" data-using-custom-color=\"true\" data-animation-delay=\"false\" data-color=\"#ff1053\" data-color-gradient=\"\" style=\"\"><h2 class=\"translation-block\">More insights for your IT solution<\/h2>\n<\/div>\n<div class=\"wpb_text_column wpb_content_element\" style=\" max-width: 550px; display: inline-block;\">\n\t<div class=\"wpb_wrapper\">\n\t\t<div class=\"wpb_text_column wpb_content_element vc_custom_1631675355065\">\n<p class=\"translation-block\">Our experts carry out detailed assessments to optimise the performance of your IT systems. Through this careful analysis, we not only identify weak points that could lead to problems later on, but can also uncover hidden potential. Based on these findings, we create customised recommendations. Our assessments offer you comprehensive insights through customised test procedures and a meaningful management summary, which enable you to act strategically and increase your efficiency and security. This gives you the opportunity to act proactively in order to recognise and master future challenges at an early stage.<\/p>\n<\/div>\n\t<\/div>\n<\/div>\n\n\n\n<div class=\"divider-wrap\" data-alignment=\"default\"><div style=\"height: 25px;\" class=\"divider\"><\/div><\/div><a class=\"nectar-button large regular extra-color-1 has-icon  regular-button\"  role=\"button\" style=\"\"  href=\"\/en\/kontakt\/\" data-color-override=\"false\" data-hover-color-override=\"false\" data-hover-text-color-override=\"#fff\"><span>Request free consultation now<\/span><i  class=\"icon-button-arrow\"><\/i><\/a>\n\t\t<\/div> \n\t<\/div>\n\t<\/div> \n\n\t<div  class=\"vc_col-sm-1 vc_hidden-sm vc_hidden-xs wpb_column column_container vc_column_container col child_column no-extra-padding inherit_tablet inherit_phone\"   data-padding-pos=\"all\" data-has-bg-color=\"false\" data-bg-color=\"\" data-bg-opacity=\"1\" data-animation=\"\" data-delay=\"0\" >\n\t\t<div class=\"vc_column-inner\" >\n\t\t<div class=\"wpb_wrapper\">\n\t\t\t\n\t\t<\/div> \n\t<\/div>\n\t<\/div> \n\n\t<div  class=\"vc_col-sm-6 wpb_column column_container vc_column_container col child_column no-extra-padding inherit_tablet inherit_phone\"   data-padding-pos=\"all\" data-has-bg-color=\"false\" data-bg-color=\"\" data-bg-opacity=\"1\" data-animation=\"\" data-delay=\"0\" >\n\t\t<div class=\"vc_column-inner\" >\n\t\t<div class=\"wpb_wrapper\">\n\t\t\t\n\t\t<\/div> \n\t<\/div>\n\t<\/div> \n<\/div><\/div>\n\t\t\t<\/div> \n\t\t<\/div>\n\t<\/div> \n<\/div><\/div>","protected":false},"excerpt":{"rendered":"EFFIZIENT DURCH ANALYSE Mehr Insights f\u00fcr Ihre IT-L\u00f6sung Unsere Experten f\u00fchren detaillierte Bewertungen durch, um die Leistungsf\u00e4higkeit Ihrer IT-Systeme zu optimieren. Durch diese sorgf\u00e4ltige Analyse identifizieren wir nicht nur Schwachstellen,...","protected":false},"author":7,"featured_media":0,"parent":0,"menu_order":0,"comment_status":"closed","ping_status":"closed","template":"","meta":{"footnotes":""},"folder":[35],"class_list":["post-7867","page","type-page","status-publish"],"yoast_head":"<!-- This site is optimized with the Yoast SEO plugin v27.3 - https:\/\/yoast.com\/product\/yoast-seo-wordpress\/ -->\n<title>Auditing &amp; Assessment - iamds.ch<\/title>\n<meta name=\"description\" content=\"Unser Beraterteam aus IT-Fachexperten unterst\u00fctzt Sie tatkr\u00e4ftig \u2013 von der Konzeption bis hin zur Markteinf\u00fchrung Ihres Projekts.\" \/>\n<meta name=\"robots\" content=\"index, follow, max-snippet:-1, max-image-preview:large, max-video-preview:-1\" \/>\n<link rel=\"canonical\" href=\"https:\/\/iamds.ch\/en\/auditing-assessment\/\" \/>\n<meta property=\"og:locale\" content=\"en_GB\" \/>\n<meta property=\"og:type\" content=\"article\" \/>\n<meta property=\"og:title\" content=\"Auditing &amp; Assessment - iamds.ch\" \/>\n<meta property=\"og:description\" content=\"Unser Beraterteam aus IT-Fachexperten unterst\u00fctzt Sie tatkr\u00e4ftig \u2013 von der Konzeption bis hin zur Markteinf\u00fchrung Ihres Projekts.\" \/>\n<meta property=\"og:url\" content=\"https:\/\/iamds.ch\/en\/auditing-assessment\/\" \/>\n<meta property=\"og:site_name\" content=\"iamds.ch\" \/>\n<meta property=\"article:modified_time\" content=\"2024-07-25T11:23:18+00:00\" \/>\n<meta name=\"twitter:card\" content=\"summary_large_image\" \/>\n<meta name=\"twitter:label1\" content=\"Estimated reading time\" \/>\n\t<meta name=\"twitter:data1\" content=\"21 minutes\" \/>\n<script type=\"application\/ld+json\" class=\"yoast-schema-graph\">{\"@context\":\"https:\\\/\\\/schema.org\",\"@graph\":[{\"@type\":\"WebPage\",\"@id\":\"https:\\\/\\\/iamds.ch\\\/en\\\/auditing-assessment\\\/\",\"url\":\"https:\\\/\\\/iamds.ch\\\/en\\\/auditing-assessment\\\/\",\"name\":\"Auditing & Assessment - iamds.ch\",\"isPartOf\":{\"@id\":\"https:\\\/\\\/iamds.ch\\\/#website\"},\"datePublished\":\"2024-02-20T17:10:47+00:00\",\"dateModified\":\"2024-07-25T11:23:18+00:00\",\"description\":\"Unser Beraterteam aus IT-Fachexperten unterst\u00fctzt Sie tatkr\u00e4ftig \u2013 von der Konzeption bis hin zur Markteinf\u00fchrung Ihres Projekts.\",\"breadcrumb\":{\"@id\":\"https:\\\/\\\/iamds.ch\\\/en\\\/auditing-assessment\\\/#breadcrumb\"},\"inLanguage\":\"en-GB\",\"potentialAction\":[{\"@type\":\"ReadAction\",\"target\":[\"https:\\\/\\\/iamds.ch\\\/en\\\/auditing-assessment\\\/\"]}]},{\"@type\":\"BreadcrumbList\",\"@id\":\"https:\\\/\\\/iamds.ch\\\/en\\\/auditing-assessment\\\/#breadcrumb\",\"itemListElement\":[{\"@type\":\"ListItem\",\"position\":1,\"name\":\"Startseite\",\"item\":\"https:\\\/\\\/iamds.ch\\\/\"},{\"@type\":\"ListItem\",\"position\":2,\"name\":\"Auditing &#038; Assessment\"}]},{\"@type\":\"WebSite\",\"@id\":\"https:\\\/\\\/iamds.ch\\\/#website\",\"url\":\"https:\\\/\\\/iamds.ch\\\/\",\"name\":\"iamds.ch\",\"description\":\"I am Data Solution\",\"potentialAction\":[{\"@type\":\"SearchAction\",\"target\":{\"@type\":\"EntryPoint\",\"urlTemplate\":\"https:\\\/\\\/iamds.ch\\\/?s={search_term_string}\"},\"query-input\":{\"@type\":\"PropertyValueSpecification\",\"valueRequired\":true,\"valueName\":\"search_term_string\"}}],\"inLanguage\":\"en-GB\"}]}<\/script>\n<!-- \/ Yoast SEO plugin. -->","yoast_head_json":{"title":"Auditing & Assessment - iamds.ch","description":"Unser Beraterteam aus IT-Fachexperten unterst\u00fctzt Sie tatkr\u00e4ftig \u2013 von der Konzeption bis hin zur Markteinf\u00fchrung Ihres Projekts.","robots":{"index":"index","follow":"follow","max-snippet":"max-snippet:-1","max-image-preview":"max-image-preview:large","max-video-preview":"max-video-preview:-1"},"canonical":"https:\/\/iamds.ch\/en\/auditing-assessment\/","og_locale":"en_GB","og_type":"article","og_title":"Auditing & Assessment - iamds.ch","og_description":"Unser Beraterteam aus IT-Fachexperten unterst\u00fctzt Sie tatkr\u00e4ftig \u2013 von der Konzeption bis hin zur Markteinf\u00fchrung Ihres Projekts.","og_url":"https:\/\/iamds.ch\/en\/auditing-assessment\/","og_site_name":"iamds.ch","article_modified_time":"2024-07-25T11:23:18+00:00","twitter_card":"summary_large_image","twitter_misc":{"Estimated reading time":"21 minutes"},"schema":{"@context":"https:\/\/schema.org","@graph":[{"@type":"WebPage","@id":"https:\/\/iamds.ch\/en\/auditing-assessment\/","url":"https:\/\/iamds.ch\/en\/auditing-assessment\/","name":"Auditing & Assessment - iamds.ch","isPartOf":{"@id":"https:\/\/iamds.ch\/#website"},"datePublished":"2024-02-20T17:10:47+00:00","dateModified":"2024-07-25T11:23:18+00:00","description":"Unser Beraterteam aus IT-Fachexperten unterst\u00fctzt Sie tatkr\u00e4ftig \u2013 von der Konzeption bis hin zur Markteinf\u00fchrung Ihres Projekts.","breadcrumb":{"@id":"https:\/\/iamds.ch\/en\/auditing-assessment\/#breadcrumb"},"inLanguage":"en-GB","potentialAction":[{"@type":"ReadAction","target":["https:\/\/iamds.ch\/en\/auditing-assessment\/"]}]},{"@type":"BreadcrumbList","@id":"https:\/\/iamds.ch\/en\/auditing-assessment\/#breadcrumb","itemListElement":[{"@type":"ListItem","position":1,"name":"Startseite","item":"https:\/\/iamds.ch\/"},{"@type":"ListItem","position":2,"name":"Auditing &#038; Assessment"}]},{"@type":"WebSite","@id":"https:\/\/iamds.ch\/#website","url":"https:\/\/iamds.ch\/","name":"iamds.ch","description":"I am Data Solution","potentialAction":[{"@type":"SearchAction","target":{"@type":"EntryPoint","urlTemplate":"https:\/\/iamds.ch\/?s={search_term_string}"},"query-input":{"@type":"PropertyValueSpecification","valueRequired":true,"valueName":"search_term_string"}}],"inLanguage":"en-GB"}]}},"_links":{"self":[{"href":"https:\/\/iamds.ch\/en\/wp-json\/wp\/v2\/pages\/7867","targetHints":{"allow":["GET"]}}],"collection":[{"href":"https:\/\/iamds.ch\/en\/wp-json\/wp\/v2\/pages"}],"about":[{"href":"https:\/\/iamds.ch\/en\/wp-json\/wp\/v2\/types\/page"}],"author":[{"embeddable":true,"href":"https:\/\/iamds.ch\/en\/wp-json\/wp\/v2\/users\/7"}],"replies":[{"embeddable":true,"href":"https:\/\/iamds.ch\/en\/wp-json\/wp\/v2\/comments?post=7867"}],"version-history":[{"count":8,"href":"https:\/\/iamds.ch\/en\/wp-json\/wp\/v2\/pages\/7867\/revisions"}],"predecessor-version":[{"id":8241,"href":"https:\/\/iamds.ch\/en\/wp-json\/wp\/v2\/pages\/7867\/revisions\/8241"}],"wp:attachment":[{"href":"https:\/\/iamds.ch\/en\/wp-json\/wp\/v2\/media?parent=7867"}],"wp:term":[{"taxonomy":"folder","embeddable":true,"href":"https:\/\/iamds.ch\/en\/wp-json\/wp\/v2\/folder?post=7867"}],"curies":[{"name":"wp","href":"https:\/\/api.w.org\/{rel}","templated":true}]}}